{"id":8,"date":"2015-02-22T12:30:05","date_gmt":"2015-02-22T11:30:05","guid":{"rendered":"http:\/\/localhost\/cefra\/?page_id=8"},"modified":"2025-08-20T15:27:20","modified_gmt":"2025-08-20T13:27:20","slug":"a-propos","status":"publish","type":"page","link":"https:\/\/www.cefra.ch\/index.php\/a-propos\/","title":{"rendered":"A propos"},"content":{"rendered":"<div class=\"three_fourth\">\n<p><span class=\"s1\"><\/p>\n<h2 class=\"title\"><span>LE VITRAIL P\u00c9DAGOGIQUE<\/span><\/h2>\n<p><\/span><\/p>\n<p>Un vitrail p\u00e9dagogique\u00a0:\u00a0c\u2019est la r\u00e9union de diff\u00e9rents outils \u00e9l\u00e9gamment articul\u00e9s en sachant \u00e0 quelles praxis p\u00e9dagogiques ils se rapportent, celles-ci faisant r\u00e9f\u00e9rence \u00e0 diff\u00e9rentes th\u00e9ories.<\/p>\n<p>Chaque enseignant\/formateur peut se cr\u00e9er son <em>vitrail p\u00e9dagogique <\/em>personnel.<\/p>\n<p>Chaque \u00e9tudiant peut \u00e9galement construire son <em>vitrail d\u2019apprentissage.<\/em><\/p>\n<p>Chacun est acteur\/auteur de son savoir, de sa r\u00e9ussite.<\/p>\n<p class=\"p1\"><span class=\"s1\"><\/p>\n<h2 class=\"title\"><span>RECONNA\u00ceTRE ET GERER DES PERSONNALITES TOXIQUES<\/span><\/h2>\n<p><\/span><\/p>\n<p class=\"p1\"><em><span class=\"s1\">Dans les groupes, les institutions, les formations, les services<\/span><\/em><\/p>\n<p class=\"p1\"><span class=\"s1\">Pour certains, les \u00ab\u00a0toxiques\u00a0\u00bb sont partout, pour d\u2019autres, ils n\u2019existent pas !<\/span><\/p>\n<p class=\"p1\"><span class=\"s1\">Il y en a. Mais ce n\u2019est pas forc\u00e9ment les personnes que vous soup\u00e7onnez.<\/span><\/p>\n<p class=\"p1\"><span class=\"s1\">Ils ne sont pas faciles \u00e0 rep\u00e9rer. Savoir reconna\u00eetre les vrais \u00ab toxiques \u00bb, avant que cela tourne mal, s\u2019en d\u00e9p\u00eatrer si le mal est fait, cela s\u2019apprend. <\/span><\/p>\n<p class=\"p1\"><span class=\"s1\"><a href=\"http:\/\/www.cefra.ch\/index.php\/activites\/\">Consultez nos formations<\/a><\/span><\/p>\n<h2 class=\"title\"><span>EVALUATION AUTONOMISANTE<\/span><\/h2>\n<p>Comment faire pour \u00e9valuer afin que l\u2019\u00e9tudiant, l\u2019apprenti soit acteur et auteur de sa r\u00e9ussite\u00a0?<\/p>\n<p>L\u2019\u00e9valuation autonomisante que M.-L. et J.-L. Zimmermann ont cr\u00e9\u00e9e est issue de l\u2019<em>\u00e9valuation formatrice <\/em><\/p>\n<p>C\u2019est une <strong>\u00e9valuation r\u00e9aliste et praticable<\/strong>.<\/p>\n<p>Elle a pour objectifs \u00e0 la fois de lutter contre l\u2019angoisse li\u00e9e aux examens et de promouvoir la r\u00e9ussite d\u2019un maximum d\u2019\u00e9l\u00e8ves, d\u2019\u00e9tudiants, d\u2019apprentis car elle permet de <strong>passer de l\u2019implicite \u00e0 l\u2019explicite<\/strong>.<\/p>\n<p><a href=\"http:\/\/www.cefra.ch\/index.php\/activites\/\">Consultez nos formations<\/a><\/p>\n<h2 class=\"title\"><span>LA  GESTION  MENTALE<\/span><\/h2>\n<p>C&rsquo;est une d\u00e9marche d\u00e9velopp\u00e9e par Antoine de La Garanderie (1920 &#8211; 2010).<\/p>\n<p>Elle a pour base la connaissance et le respect de la diversit\u00e9 des fonctionnements individuels.<\/p>\n<p>Elle d\u00e9crit de fa\u00e7on explicite et op\u00e9rationnelle les \u00ab\u00a0gestes mentaux\u00a0\u00bb que chacun doit effectuer pour \u00eatre attentif, m\u00e9moriser, comprendre, r\u00e9fl\u00e9chir et imaginer.<\/p>\n<p>Elle exige de la personne int\u00e9ress\u00e9e une prise de conscience et une participation active et volontaire.<\/p>\n<p>Les m\u00e9thodes et l\u2019approche de la<em> gestion mentale<\/em> utilis\u00e9es d\u00e9pendent\u00a0 de la sp\u00e9cificit\u00e9 du public concern\u00e9 (.adolescents, adultes, personnes \u00e2g\u00e9es, etc.).<\/p>\n<p><a href=\"http:\/\/www.cefra.ch\/index.php\/activites\/\">Consultez nos formations<\/a><\/p>\n<h2 class=\"title\"><span>L\u2019ENTRETIEN &#8211; PROFIL P\u00c9DAGOGIQUE<\/span><\/h2>\n<p>Au cours de son existence, chaque personne a d\u00e9velopp\u00e9 des strat\u00e9gies de r\u00e9ussite qu\u2018elle ne met pas forc\u00e9ment en oeuvre lors d\u2019activit\u00e9s scolaires ou professionnelles.<\/p>\n<p>L\u2018entretien-profil consiste \u00e0 rechercher avec l\u2019apprenant son \u00ab cheminement mental \u00bb, afin de lui permettre d\u2018identifier ses proc\u00e9dures et d\u00e9tecter ses capacit\u00e9s cach\u00e9es. Il s&rsquo;appuie sur l&rsquo;introspection et sur les travaux d&rsquo;Antoine de La Garanderie. Quelques s\u00e9ances de \u00ab\u00a0suivi\u00a0\u00bb s\u2019av\u00e8rent souvent n\u00e9cessaires apr\u00e8s les prises de conscience afin que l\u2018apprenant puisse utiliser ses strat\u00e9gies de r\u00e9ussite.<\/p>\n<p>Cet entretien-cognitif est aussi tr\u00e8s utile lors d\u2019une reconversion professionnelle. Par exemple : suis-je capable d\u2019assumer un poste \u00e0 responsabilit\u00e9 ?<\/p>\n<p><a href=\"http:\/\/www.cefra.ch\/index.php\/activites\/\">Consultez nos formations<\/a><\/p>\n<h2 class=\"title\"><span>GROUPE  ET  FORMATION<\/span><\/h2>\n<p>C\u2019est une d\u00e9marche qui permet de prendre conscience des ph\u00e9nom\u00e8nes sous-jacents \u00e0 toute activit\u00e9 de formation en groupe. Elle a pour but de d\u00e9velopper une capacit\u00e9 de r\u00e9action ad\u00e9quate face aux ph\u00e9nom\u00e8nes groupaux.<\/p>\n<p>Pour cela, il est n\u00e9cessaire d\u2019acqu\u00e9rir une comp\u00e9tence \u00e0 rep\u00e9rer les fonctionnements inconscients d\u2019un groupe qui s\u2018opposent \u00e0 l\u2019apprentissage. Il faut tenter de transformer un groupe en \u00ab\u00a0groupe de travail\u00a0\u00bb. Cela n\u00e9cessite d\u2018approcher des mod\u00e8les et techniques diff\u00e9rents pour acc\u00e9l\u00e9rer le processus de changement que n\u00e9cessite l\u2019apprendre. (P. Meirieu, W. R. Bion, E. Pichon-Rivi\u00e8re).<\/p>\n<p>Savoir utiliser le \u00ab groupe op\u00e9ratif\u00a0\u00bb permet de booster ses formations, ses r\u00e9unions.<\/p>\n<p><a href=\"http:\/\/www.cefra.ch\/index.php\/activites\/\">Consultez nos formations<\/a><\/p>\n<h2 class=\"title\"><span>UNE STRATEGIE POUR APPRENDRE, \u00c9VOLUER, D\u00c9VELOPPER ET CONSERVER SON AUTONOMIE<\/span><\/h2>\n<p>Cr\u00e9\u00e9es et d\u00e9velopp\u00e9es par Marie-Louise Zimmermann-Asta sur les terrains \u00e9ducatifs depuis 1981, ces pratiques p\u00e9dagogiques APA mettent l\u2019accent sur l\u2018appropriation du savoir par l\u2019apprenant.<\/p>\n<p>Prenant en compte les conceptions (selon A. Giordan), l\u2018enseignant instaure dans la classe un climat de recherche favorable \u00e0 l\u2019\u00e9laboration du savoir. <strong>Perturbations conceptuelles<\/strong>, confrontations structurantes, sont des outils didactiques qu\u2018il utilise pour favoriser l\u2019\u00e9volution des <strong>conceptions<\/strong> de l\u2018apprenant. Ces outils sont \u00e9galement utilis\u00e9s pour cultiver son cerveau afin de mieux vieillir.<\/p>\n<p><a href=\"http:\/\/www.cefra.ch\/index.php\/activites\/\">Consultez nos formations<\/a>\n<\/div>\n<div class=\"one_fourth last\">\n<div class=\"member\">\n<div class='member-img'><img src='https:\/\/www.cefra.ch\/wp-content\/uploads\/2023\/09\/mlz2023_clair.jpg' \/><\/div>\n<h4>Marie-Louise Zimmermann-Asta<\/h4>\n<div class=\"member-role\"> <\/div>\n<ul class=\"styled-list\">\n<li><i class=\"icon-ok\"><\/i>Docteure des Sciences de l\u2019Education<\/li>\n<li><i class=\"icon-ok\"><\/i>Licenci\u00e9e des Sciences Physiques<\/li>\n<li><i class=\"icon-ok\"><\/i>A \u00e9t\u00e9 professeure de physique dans l&rsquo;enseignement secondaire genevois (33 ans)<\/li>\n<li><i class=\"icon-ok\"><\/i>Formatrice en Gestion Mentale<\/li>\n<li><i class=\"icon-ok\"><\/i>Consultante en P\u00e9dagogie<\/li>\n<\/ul>\n<\/div>\n<div class=\"gap\" style=\"height: 30px;\"><\/div>\n<div class=\"member\">\n<div class='member-img'><img src='https:\/\/www.cefra.ch\/wp-content\/uploads\/2022\/06\/jlz_2022.jpg' \/><\/div>\n<h4>Jean-Luc Zimmermann<\/h4>\n<div class=\"member-role\"> <\/div>\n<ul class=\"styled-list\">\n<li><i class=\"icon-ok\"><\/i>Licenci\u00e9 des Sciences Physiques, \u00a0Ing\u00e9nieur ETS<\/li>\n<li><i class=\"icon-ok\"><\/i>A \u00e9t\u00e9 professeur de physique dans l&rsquo;enseignement secondaire genevois (33 ans)<\/li>\n<li><i class=\"icon-ok\"><\/i>Formateur en Gestion Mentale<\/li>\n<li><i class=\"icon-ok\"><\/i>Formateur de \u00ab\u00a0Groupe Op\u00e9ratif\u00a0\u00bb<\/li>\n<li><i class=\"icon-ok\"><\/i>Membre APSYLIEN-REC (Association de la psychanalyse des liens)<\/li>\n<li><i class=\"icon-ok\"><\/i>Consultant en P\u00e9dagogie, M\u00e9diateur<\/li>\n<\/ul>\n<\/div>\n<div class=\"gap\" style=\"height: 30px;\"><\/div>\n<\/div>\n<div class=\"clear\"><\/div>\n","protected":false},"excerpt":{"rendered":"<p>LE VITRAIL P\u00c9DAGOGIQUE Un vitrail p\u00e9dagogique\u00a0:\u00a0c\u2019est la r\u00e9union de diff\u00e9rents outils \u00e9l\u00e9gamment articul\u00e9s en sachant \u00e0 quelles praxis p\u00e9dagogiques ils se rapportent, celles-ci faisant r\u00e9f\u00e9rence \u00e0 diff\u00e9rentes th\u00e9ories. Chaque enseignant\/formateur peut se cr\u00e9er son vitrail p\u00e9dagogique personnel. Chaque \u00e9tudiant peut \u00e9galement construire son vitrail d\u2019apprentissage. Chacun est acteur\/auteur de son\u2026 <a href=\"https:\/\/www.cefra.ch\/index.php\/a-propos\/\" class=\"read-more-link\">Lire la suite &rarr;<\/a><\/p>\n","protected":false},"author":1,"featured_media":0,"parent":0,"menu_order":0,"comment_status":"closed","ping_status":"open","template":"page-fullwidth.php","meta":{"om_disable_all_campaigns":false,"_monsterinsights_skip_tracking":false,"_monsterinsights_sitenote_active":false,"_monsterinsights_sitenote_note":"","_monsterinsights_sitenote_category":0,"_uf_show_specific_survey":0,"_uf_disable_surveys":false,"footnotes":""},"class_list":["post-8","page","type-page","status-publish","hentry"],"aioseo_notices":[],"_links":{"self":[{"href":"https:\/\/www.cefra.ch\/index.php\/wp-json\/wp\/v2\/pages\/8","targetHints":{"allow":["GET"]}}],"collection":[{"href":"https:\/\/www.cefra.ch\/index.php\/wp-json\/wp\/v2\/pages"}],"about":[{"href":"https:\/\/www.cefra.ch\/index.php\/wp-json\/wp\/v2\/types\/page"}],"author":[{"embeddable":true,"href":"https:\/\/www.cefra.ch\/index.php\/wp-json\/wp\/v2\/users\/1"}],"replies":[{"embeddable":true,"href":"https:\/\/www.cefra.ch\/index.php\/wp-json\/wp\/v2\/comments?post=8"}],"version-history":[{"count":62,"href":"https:\/\/www.cefra.ch\/index.php\/wp-json\/wp\/v2\/pages\/8\/revisions"}],"predecessor-version":[{"id":181117,"href":"https:\/\/www.cefra.ch\/index.php\/wp-json\/wp\/v2\/pages\/8\/revisions\/181117"}],"wp:attachment":[{"href":"https:\/\/www.cefra.ch\/index.php\/wp-json\/wp\/v2\/media?parent=8"}],"curies":[{"name":"wp","href":"https:\/\/api.w.org\/{rel}","templated":true}]}}